{"id":121,"date":"2019-11-21T10:54:31","date_gmt":"2019-11-21T10:54:31","guid":{"rendered":"http:\/\/settimo-sofitel-ristorante.ms.decms.eu\/?page_id=121"},"modified":"2025-10-13T08:06:51","modified_gmt":"2025-10-13T08:06:51","slug":"privacy","status":"publish","type":"page","link":"https:\/\/www.settimoristorante.it\/en\/privacy\/","title":{"rendered":"Note Legali"},"content":{"rendered":"<p style=\"text-align: center;\">ROME HOTEL INVEST S.A.S. con sede in Via Lombardia n. 47 \u2013 00187 Roma<br \/>\nCapitale sociale Euro 10.000 i.v.<br \/>\nP.I. &amp; C.F. 17539921001<br \/>\nNumero di iscrizione nel Registro delle Imprese di Roma 17539921001<br \/>\nR.E.A. Roma n. 1725212,<br \/>\nIndicazione ex Art. 2497 bis C.C.: ROME HOTEL INVEST S.A.S.<\/p>\n<p>&nbsp;<\/p>\n<p><strong>INFORMATIVA PRIVACY<\/strong><\/p>\n<p>In osservanza di quanto previsto dalla vigente normativa in materia di protezione dei dati personali, vale a dire il Regolamento UE n.2016\/679 (anche detto \u201cGDPR\u201d) e, per quanto applicabile, dalla normativa italiana complementare, nonch\u00e9 dai Provvedimenti emessi dall\u2019Autorit\u00e0 Garante della privacy (da qui in poi, cumulativamente, \u201cla Normativa privacy\u201d), con la presente informativa desideriamo informarla in merito al trattamento dei suoi dati personali, quale utente che naviga e\/o \u00e8 iscritto al sito internet settimoristorante.it<\/p>\n<p>&nbsp;<\/p>\n<p>Nel corso della navigazione sul Sito, sia per motivo di semplice ricerca che di richiesta di servizi, vengono raccolti alcuni suoi dati personali, relativi all\u2019indirizzo IP da dove proviene la ricerca oppure i dati che lei potrebbe fornirci nel momento in cui si iscriva alla nostra newsletter o richiede alcuni servizi (prenotazioni, ecc).<\/p>\n<p>Per quanto riguarda il Sito, vengono raccolti dati di navigazione secondo quanto indicato nella informativa sull\u2019uso dei cookies, per cui la invitiamo a consultare tale informativa, presente alla pagina https:\/\/staticaws.fbwebprogram.com\/fbcdn\/jquery_plugins\/fb-cookie-law\/text\/en.html<\/p>\n<p>Se necessario, la presente Informativa potr\u00e0 essere corredata da un apposito modulo per il rilascio del consenso cos\u00ec come previsto dall\u2019articolo 7 del GDPR, articolato in base all\u2019ulteriore tipo di utilizzo che intendiamo fare dei suoi dati personali.<\/p>\n<p>&nbsp;<\/p>\n<ol>\n<li><strong><em>Identit\u00e0 e dati di contatto del Titolare del trattamento <\/em><\/strong><\/li>\n<\/ol>\n<p>Titolare del trattamento \u00e8 ROME HOTEL INVEST S.A.S., con sede legale in Roma, Via Lombardia 47 (P.Iva: 17539921001), di seguito il \u201cTitolare\u201d.<\/p>\n<p>Punto di contatto per la protezione dei dati presso il Titolare: General Manager dell\u2019Hotel. I suoi dati di contatto sono i seguenti: indirizzo mail h1312-sl@sofitel.com<\/p>\n<ol>\n<li><strong><em>Finalit\u00e0 e base giuridica del trattamento<\/em><\/strong><strong><em> cui sono destinati i dati e obbligo o facolt\u00e0 del conferimento<\/em><\/strong><\/li>\n<\/ol>\n<p>I suoi dati potranno essere trattati per varie finalit\u00e0, che le indichiamo nel seguito.<\/p>\n<ol>\n<li><strong>Raccolta e trattamento di dati di navigazione sul Sito<\/strong>. Come detto sopra, la invitiamo a controllare i dettagli dei cookies utilizzati collegandosi alla <a href=\"https:\/\/staticaws.fbwebprogram.com\/fbcdn\/jquery_plugins\/fb-cookie-law\/text\/en.html\">https:\/\/staticaws.fbwebprogram.com\/fbcdn\/jquery_plugins\/fb-cookie-law\/text\/en.html<\/a><\/li>\n<li>In ogni caso, raccogliamo i dati di navigazione sul Sito al fine di meglio gestire l\u2019uso del Sito da parte dei nostri utenti, verificare le pagine pi\u00f9 visitate, e quindi alla fine migliorarne la fruibilit\u00e0 per consentire di meglio accedere alle varie pagine pubblicate.<\/li>\n<li><strong>Raccolta di dati per esecuzione di un servizio, o per adempiere a norme di legge, o per finalit\u00e0 amministrative interne. <\/strong><\/li>\n<\/ol>\n<ul>\n<li><strong><u>Per l\u2019esecuzione di un servizio (finalit\u00e0 contrattuali)<\/u><\/strong>: Alcuni utenti potrebbero fornirci le loro generalit\u00e0 e dati di contatto o per registrarsi al Sito e\/o prenotarsi per usufruire dei nostri servizi, e\/o per partecipare alle iniziative promosse attraverso il Sito. In altri casi potremmo trattare i dati anche per gestire e rispondere a richieste, segnalazioni, per fornire assistenza, nonch\u00e9 per servizi accessori e complementari, quali ad esempio l\u2019adempimento di specifiche richieste prima della conclusione del contratto.<\/li>\n<\/ul>\n<p>In questi casi il trattamento dei dati per questa finalit\u00e0 trova la sua base giuridica nella necessit\u00e0 di dare esecuzione ad una misura precontrattuale o per eseguire il servizio richiesto, e quindi rientra nella previsione dell\u2019art 6.1.b del GDPR (<strong>esecuzione del contratto o misura precontrattuale<\/strong>) e non richiede il suo consenso, in quanto i dati ci sono forniti per eseguire un servizio.<\/p>\n<ul>\n<li><strong><u>Per adempiere ad un obbligo di legge<\/u><\/strong>: La nostra attivit\u00e0 ci obbliga a trattare alcuni dati per adempiere agli obblighi previsti dalle leggi vigenti. Tali dati potrebbero dover essere forniti a Pubbliche Amministrazioni, per adempiere alla normativa. I dati vengono anche utilizzati per la tenuta della contabilit\u00e0 aziendale, come previsto per legge, sia a fini civilistici che fiscali. Il trattamento dei dati personali per queste finalit\u00e0 trova la sua base giuridica nella necessit\u00e0 di adempiere ad un obbligo di legge e quindi nella previsione dell\u2019art 6.1.c (<strong>obbligo di legge<\/strong>) del GDPR e non richiede il suo consenso.<\/li>\n<li><strong><u>Per svolgere azioni di marketing, promozionali e di comunicazione commerciale<\/u><\/strong>: A coloro che ne facciano richiesta, fornendoci il loro dati di contatto (ad esempio: email, numero di cellulare per invio di sms) noi inviamo una newsletter e altre comunicazioni commerciali e promozionali relative ad eventi, promozioni o servizi offerti a clienti. Possiamo anche usare i dati per la valutazione della soddisfazione del cliente, mediante l\u2019invio di posta elettronica o cartacea o l\u2019invio di fax, mms od sms. Il trattamento dei dati personali per questa finalit\u00e0 trova la sua base giuridica nella nostra volont\u00e0 di mantenerci in contatto con la clientela, informandola della nostra attivit\u00e0, secondo quanto previsto dall\u2019art. 6.1 A del GDPR. Pertanto, coloro che vogliono poter avviare questo canale di comunicazione e ricevere comunicazioni a fini commerciali\/marketing devono necessariamente dare il loro consenso espresso, libero ed inequivocabile con le modalit\u00e0 previste in questo Sito.<\/li>\n<\/ul>\n<p>Il conferimento dei dati per la finalit\u00e0 di cui al punto 2.2 di cui sopra \u00e8 obbligatoria, in quanto dobbiamo eseguire quanto previsto dalla legge.<\/p>\n<p>Il conferimento dei suoi dati per le finalit\u00e0 2.1. e 2.3 indicate sopra \u00e8 facoltativo, nel senso che lei \u00e8 libero di decidere se usufruire dei nostri servizi, cos\u00ec come di ricevere o meno la nostra newsletter e nostre comunicazioni commerciali; peraltro il fornirci i suoi dati per tali scopi <strong>\u00e8 necessario per la realizzazione delle finalit\u00e0 indicate<\/strong>. In pratica: se lei vuole prenotare un servizio, se non abbiamo le sue generalit\u00e0 non potremmo eseguire quanto ci ha chiesto. Se non ci viene fornito l\u2019indirizzo email, non potremo mandare la newsletter, ecc. Quindi, se non ci fossero comunicati questi dati ci troveremo nella l\u2019impossibilit\u00e0 di concludere il contratto o di fornirle i servizi da lei richiesti.<\/p>\n<p>In caso l\u2019utente dia il consenso, potr\u00e0 in qualsiasi momento revocarlo, facendone richiesta al Titolare; l\u2019utente potr\u00e0 inoltre opporsi facilmente ad ulteriori invii di newsletter via email anche cliccando sull\u2019apposito link per la revoca del consenso, che \u00e8 presente in ciascuna email. Il Titolare informa che, a seguito dell\u2019esercizio del diritto di opposizione all\u2019invio di newsletter via email, \u00e8 possibile che, per ragioni tecniche ed operative (es. formazione delle liste di contatto gi\u00e0 completata poco prima della ricezione da parte del Titolare della richiesta di opposizione) l\u2019utente continui a ricevere alcune ulteriori newsletter. Qualora l\u2019utente dovesse continuare a ricevere messaggi e newsletter dopo che siano trascorse 24 ore dall\u2019esercizio del diritto di opposizione, si prega di segnalare il problema al Titolare, utilizzando i contatti indicati nella presente informativa.<\/p>\n<ol>\n<li><strong><em>Categorie di dati trattati<\/em><\/strong><\/li>\n<\/ol>\n<p>In conformit\u00e0 con le finalit\u00e0 sopra descritte e gli eventuali consensi rilasciati potranno essere trattate le seguenti categorie di dati personali:<\/p>\n<ul>\n<li>Dati di navigazione sul Sito;<\/li>\n<li>Indirizzo IP di provenienza dell\u2019utente;<\/li>\n<li>Dati identificativi \u2013 nome, cognome, anagrafica, indirizzo, etc.;<\/li>\n<li>Dati di contatto: indirizzo email, numero di cellulare, numero di fax, etc.<\/li>\n<li>Dati contrattuali \u2013 ordini e servizi utilizzati;<\/li>\n<\/ul>\n<p>&nbsp;<\/p>\n<ol>\n<li><strong><em>Fonte dei dati<\/em><\/strong><\/li>\n<\/ol>\n<p>I dati personali trattati sono quelli che lei ci fornisce direttamente o quelli che sono raccolti durante la navigazione su internet, mediante vari strumenti quali cookies e tags, etc.<\/p>\n<p><strong><em>\u00a0<\/em><\/strong><\/p>\n<ol>\n<li><strong><em>Modalit\u00e0 del trattamento, luogo e periodo di conservazione dei dati<\/em><\/strong><\/li>\n<\/ol>\n<p>I dati personali saranno trattati sia con strumenti elettronici sia senza l\u2019ausilio di strumenti elettronici, utilizzando misure di sicurezza adeguate contro i rischi di distruzione o perdita, la modifica, la divulgazione non autorizzata o l\u2019accesso ai dati personali trasmessi, conservati o comunque trattati.<\/p>\n<p>I suoi dati personali saranno trattati dal Titolare all\u2019interno del territorio dell\u2019Unione Europea. Qualora per questioni di natura tecnica e\/o operativa si renda necessario avvalersi di soggetti ubicati al di fuori dell\u2019Unione Europea, la informiamo sin d\u2019ora che tali soggetti saranno nominati Responsabili del Trattamento ai sensi e per gli effetti di cui all\u2019articolo 28 del GDPR ed il trasferimento dei Dati Personali a tali soggetti, limitatamente allo svolgimento di specifiche attivit\u00e0 di trattamento, sar\u00e0 regolato in conformit\u00e0 a quanto previsto dal capo V del GDPR. Saranno quindi adottate tutte le cautele necessarie al fine di garantire la pi\u00f9 totale protezione dei suoi Dati Personali basando tale trasferimento: (a) su decisioni di adeguatezza dei paesi terzi destinatari espresse dalla Commissione Europea; (b) su garanzie adeguate espresse dal soggetto terzo destinatario ai sensi dell\u2019articolo 46 del GDPR; (c) sull\u2019adozione di norme vincolanti d\u2019impresa, c.d.\u00a0corporate binding rules. \u00a0In ogni caso lei potr\u00e0 richiedere maggiori dettagli al Titolare qualora i suoi Dati Personali siano stati trattati al di fuori dell\u2019Unione Europea.<\/p>\n<p>&nbsp;<\/p>\n<p>I dati relativi ai servizi utilizzati saranno trattati per il periodo di conservazione obbligatoria prevista per legge per i dati fiscali, contabili e contrattuali.<\/p>\n<p>I dati utilizzati per la registrazione verranno conservati fino alla cancellazione dell\u2019account o alla revoca del suo consenso.<\/p>\n<p>Sono fatti salvi eventuali ulteriori tempi di conservazione previsti da norme di legge o necessari alla tutela in sede giudiziaria.<\/p>\n<p>Relativamente ai trattamenti svolti per il conseguimento delle finalit\u00e0 di cui alla sezione 2.3. della presente informativa, il Titolare potr\u00e0 lecitamente trattare i suoi dati personali fino a quando Lei non comunicher\u00e0, in una delle modalit\u00e0 previste dalla presente informativa, la sua volont\u00e0 di revocare il consenso per finalit\u00e0 per le quali le \u00e8 stato chiesto.<\/p>\n<p>Trascorsi tali periodi i dati saranno distrutti o resi anonimi.<\/p>\n<p>&nbsp;<\/p>\n<ol>\n<li><strong><em>Destinatari dei dati personali. Soggetti che possono venirne a conoscenza. <\/em><\/strong><\/li>\n<\/ol>\n<p>Allo scopo di consentire la realizzazione delle finalit\u00e0 sopra indicate, i dati potranno essere resi conoscibili ai seguenti soggetti:<\/p>\n<ol>\n<li>ai dipendenti e collaboratori del Titolare che agiscono sotto la sua autorit\u00e0 e che risultano autorizzati a trattarli in qualit\u00e0 di incaricati o persone autorizzate;<\/li>\n<li>alle societ\u00e0 facenti parte del gruppo imprenditoriale di cui fa parte il Titolare, e rispettivi dipendenti e collaboratori;<\/li>\n<li>ai soggetti la cui attivit\u00e0 \u00e8 necessaria per l\u2019esecuzione dei servizi da lei richiesti e forniti o per adempiere a richieste prima della conclusione del contratto (es: Fornitori e Subfornitori sia nazionali che esteri, Societ\u00e0 ed istituti del settore bancario, creditizio e assicurativo, Intermediari finanziari) nonch\u00e9 a studi legali per la tutela dei diritti del Titolare;<\/li>\n<li>a soggetti terzi a cui il Titolare eventualmente esternalizza talune attivit\u00e0 di trattamento e\/o attivit\u00e0 connesse e strumentali alle stesse per conto del Titolare e che di conseguenza erogano al Titolare determinati servizi strumentali, comunque correlati ai trattamenti e alle finalit\u00e0 sopra descritte, quali ad esempio operatori che prestano servizi amministrativi, contabili, fiscali, di revisione, di gestione del sistema informativo, di comunicazione, di riscossione del credito, di archiviazione di massa, servizi di supporto al cliente. Tali soggetti terzi effettuano trattamenti per conto del Titolare e risultano autorizzati a trattarli in qualit\u00e0 di Responsabili del trattamento secondo quanto previsto dall\u2019art 28 del GDPR;<\/li>\n<li>alle Pubbliche Amministrazioni, alle autorit\u00e0 di sicurezza, ispettive e, pi\u00f9 in generale, ai soggetti ai quali la facolt\u00e0 di accedere ai dati sia riconosciuta da specifiche disposizioni di legge o da un provvedimento emesso da una autorit\u00e0 a ci\u00f2 legittimata dalla legge;<\/li>\n<\/ol>\n<p>I Suoi dati non saranno diffusi, vale a dire che non saranno resi conoscibili a soggetti indeterminati.<\/p>\n<p>&nbsp;<\/p>\n<ol>\n<li><strong><em>I suoi diritti<\/em><\/strong><\/li>\n<\/ol>\n<p>Il GDPR le riconosce i seguenti diritti in relazione ai suoi dati personali che potr\u00e0 esercitare nei limiti e in conformit\u00e0 a quanto previsto dalla normativa:<\/p>\n<ol>\n<li>Diritto di accesso ai suoi dati personali (art. 15); Diritto di rettifica (art. 16); Diritto di cancellazione (diritto all\u2019oblio) (art. 17); Diritto di limitazione di trattamento (art. 18); Diritto alla portabilit\u00e0 dei dati (art. 20); Diritto di opposizione (art. 21); Diritto di opporsi a una decisione basata unicamente sul trattamento automatizzato (art. 22); Il diritto di revocare, in qualsiasi momento, il consenso rilasciato, senza pregiudicare la liceit\u00e0 del trattamento basata sul consenso prestato prima della revoca (art 7.3);<\/li>\n<\/ol>\n<p>potr\u00e0 ottenere ci\u00f2 inviando una richiesta scritta indirizzata al Titolare del trattamento all\u2019indirizzo postale o tramite e-mail, come indicato nella sezione a) della presente informativa.<\/p>\n<p>Inoltre, lei ha:<\/p>\n<ol start=\"2\">\n<li>Diritto di contattare il Titolare per tutte le questioni relative al trattamento dei suoi dati personali e all\u2019esercizio dei diritti derivanti dal GDPR.<\/li>\n<li>Diritto di proporre reclamo all\u2019Autorit\u00e0 Garante della protezione dei dati (<a href=\"http:\/\/www.garanteprivacy.it\">garanteprivacy.it<\/a>) qualora ritenga che il trattamento dei suoi dati sia contrario alla normativa in vigore (art 77) o agire in sede giudiziaria (art 79).<\/li>\n<\/ol>\n","protected":false},"excerpt":{"rendered":"<p>ROME HOTEL INVEST S.A.S. con sede in Via Lombardia n. 47 \u2013 00187 Roma Capitale sociale Euro 10.000 i.v. P.I. &amp; C.F. 17539921001 Numero di iscrizione nel Registro delle Imprese di Roma 17539921001 R.E.A. Roma n. 1725212, Indicazione ex Art. 2497 bis C.C.: ROME HOTEL INVEST S.A.S. &nbsp; INFORMATIVA PRIVACY In osservanza di quanto previsto [&hellip;]<\/p>\n","protected":false},"author":7,"featured_media":0,"parent":0,"menu_order":999,"comment_status":"closed","ping_status":"closed","template":"","meta":{"footnotes":""},"class_list":["post-121","page","type-page","status-publish","hentry"],"yoast_head":"<!-- This site is optimized with the Yoast SEO plugin v26.9 - https:\/\/yoast.com\/product\/yoast-seo-wordpress\/ -->\n<title>Note Legali - Settimo Roman Cuisine &amp; Terrace<\/title>\n<meta name=\"robots\" content=\"index, follow, max-snippet:-1, max-image-preview:large, max-video-preview:-1\" \/>\n<link rel=\"canonical\" href=\"https:\/\/www.settimoristorante.it\/en\/privacy\/\" \/>\n<meta property=\"og:locale\" content=\"en_US\" \/>\n<meta property=\"og:type\" content=\"article\" \/>\n<meta property=\"og:title\" content=\"Note Legali - Settimo Roman Cuisine &amp; Terrace\" \/>\n<meta property=\"og:description\" content=\"ROME HOTEL INVEST S.A.S. con sede in Via Lombardia n. 47 \u2013 00187 Roma Capitale sociale Euro 10.000 i.v. P.I. &amp; C.F. 17539921001 Numero di iscrizione nel Registro delle Imprese di Roma 17539921001 R.E.A. Roma n. 1725212, Indicazione ex Art. 2497 bis C.C.: ROME HOTEL INVEST S.A.S. &nbsp; INFORMATIVA PRIVACY In osservanza di quanto previsto [&hellip;]\" \/>\n<meta property=\"og:url\" content=\"https:\/\/www.settimoristorante.it\/en\/privacy\/\" \/>\n<meta property=\"og:site_name\" content=\"Settimo Roman Cuisine &amp; Terrace\" \/>\n<meta property=\"article:modified_time\" content=\"2025-10-13T08:06:51+00:00\" \/>\n<meta name=\"twitter:card\" content=\"summary_large_image\" \/>\n<meta name=\"twitter:label1\" content=\"Est. reading time\" \/>\n\t<meta name=\"twitter:data1\" content=\"9 minutes\" \/>\n<script type=\"application\/ld+json\" class=\"yoast-schema-graph\">{\"@context\":\"https:\/\/schema.org\",\"@graph\":[{\"@type\":\"WebPage\",\"@id\":\"https:\/\/www.settimoristorante.it\/en\/privacy\/\",\"url\":\"https:\/\/www.settimoristorante.it\/en\/privacy\/\",\"name\":\"Note Legali - Settimo Roman Cuisine &amp; Terrace\",\"isPartOf\":{\"@id\":\"https:\/\/www.settimoristorante.it\/en\/#website\"},\"datePublished\":\"2019-11-21T10:54:31+00:00\",\"dateModified\":\"2025-10-13T08:06:51+00:00\",\"breadcrumb\":{\"@id\":\"https:\/\/www.settimoristorante.it\/en\/privacy\/#breadcrumb\"},\"inLanguage\":\"en-US\",\"potentialAction\":[{\"@type\":\"ReadAction\",\"target\":[\"https:\/\/www.settimoristorante.it\/en\/privacy\/\"]}]},{\"@type\":\"BreadcrumbList\",\"@id\":\"https:\/\/www.settimoristorante.it\/en\/privacy\/#breadcrumb\",\"itemListElement\":[{\"@type\":\"ListItem\",\"position\":1,\"name\":\"Home\",\"item\":\"https:\/\/www.settimoristorante.it\/en\/\"},{\"@type\":\"ListItem\",\"position\":2,\"name\":\"Note Legali\"}]},{\"@type\":\"WebSite\",\"@id\":\"https:\/\/www.settimoristorante.it\/en\/#website\",\"url\":\"https:\/\/www.settimoristorante.it\/en\/\",\"name\":\"Settimo Roman Cuisine &amp; Terrace\",\"description\":\"Just another ms.decms.eu site\",\"potentialAction\":[{\"@type\":\"SearchAction\",\"target\":{\"@type\":\"EntryPoint\",\"urlTemplate\":\"https:\/\/www.settimoristorante.it\/en\/?s={search_term_string}\"},\"query-input\":{\"@type\":\"PropertyValueSpecification\",\"valueRequired\":true,\"valueName\":\"search_term_string\"}}],\"inLanguage\":\"en-US\"}]}<\/script>\n<!-- \/ Yoast SEO plugin. -->","yoast_head_json":{"title":"Note Legali - Settimo Roman Cuisine &amp; Terrace","robots":{"index":"index","follow":"follow","max-snippet":"max-snippet:-1","max-image-preview":"max-image-preview:large","max-video-preview":"max-video-preview:-1"},"canonical":"https:\/\/www.settimoristorante.it\/en\/privacy\/","og_locale":"en_US","og_type":"article","og_title":"Note Legali - Settimo Roman Cuisine &amp; Terrace","og_description":"ROME HOTEL INVEST S.A.S. con sede in Via Lombardia n. 47 \u2013 00187 Roma Capitale sociale Euro 10.000 i.v. P.I. &amp; C.F. 17539921001 Numero di iscrizione nel Registro delle Imprese di Roma 17539921001 R.E.A. Roma n. 1725212, Indicazione ex Art. 2497 bis C.C.: ROME HOTEL INVEST S.A.S. &nbsp; INFORMATIVA PRIVACY In osservanza di quanto previsto [&hellip;]","og_url":"https:\/\/www.settimoristorante.it\/en\/privacy\/","og_site_name":"Settimo Roman Cuisine &amp; Terrace","article_modified_time":"2025-10-13T08:06:51+00:00","twitter_card":"summary_large_image","twitter_misc":{"Est. reading time":"9 minutes"},"schema":{"@context":"https:\/\/schema.org","@graph":[{"@type":"WebPage","@id":"https:\/\/www.settimoristorante.it\/en\/privacy\/","url":"https:\/\/www.settimoristorante.it\/en\/privacy\/","name":"Note Legali - Settimo Roman Cuisine &amp; Terrace","isPartOf":{"@id":"https:\/\/www.settimoristorante.it\/en\/#website"},"datePublished":"2019-11-21T10:54:31+00:00","dateModified":"2025-10-13T08:06:51+00:00","breadcrumb":{"@id":"https:\/\/www.settimoristorante.it\/en\/privacy\/#breadcrumb"},"inLanguage":"en-US","potentialAction":[{"@type":"ReadAction","target":["https:\/\/www.settimoristorante.it\/en\/privacy\/"]}]},{"@type":"BreadcrumbList","@id":"https:\/\/www.settimoristorante.it\/en\/privacy\/#breadcrumb","itemListElement":[{"@type":"ListItem","position":1,"name":"Home","item":"https:\/\/www.settimoristorante.it\/en\/"},{"@type":"ListItem","position":2,"name":"Note Legali"}]},{"@type":"WebSite","@id":"https:\/\/www.settimoristorante.it\/en\/#website","url":"https:\/\/www.settimoristorante.it\/en\/","name":"Settimo Roman Cuisine &amp; Terrace","description":"Just another ms.decms.eu site","potentialAction":[{"@type":"SearchAction","target":{"@type":"EntryPoint","urlTemplate":"https:\/\/www.settimoristorante.it\/en\/?s={search_term_string}"},"query-input":{"@type":"PropertyValueSpecification","valueRequired":true,"valueName":"search_term_string"}}],"inLanguage":"en-US"}]}},"acf":[],"_links":{"self":[{"href":"https:\/\/www.settimoristorante.it\/en\/wp-json\/wp\/v2\/pages\/121","targetHints":{"allow":["GET"]}}],"collection":[{"href":"https:\/\/www.settimoristorante.it\/en\/wp-json\/wp\/v2\/pages"}],"about":[{"href":"https:\/\/www.settimoristorante.it\/en\/wp-json\/wp\/v2\/types\/page"}],"author":[{"embeddable":true,"href":"https:\/\/www.settimoristorante.it\/en\/wp-json\/wp\/v2\/users\/7"}],"replies":[{"embeddable":true,"href":"https:\/\/www.settimoristorante.it\/en\/wp-json\/wp\/v2\/comments?post=121"}],"version-history":[{"count":0,"href":"https:\/\/www.settimoristorante.it\/en\/wp-json\/wp\/v2\/pages\/121\/revisions"}],"wp:attachment":[{"href":"https:\/\/www.settimoristorante.it\/en\/wp-json\/wp\/v2\/media?parent=121"}],"curies":[{"name":"wp","href":"https:\/\/api.w.org\/{rel}","templated":true}]}}